{"id":1235,"date":"2023-04-28T17:01:31","date_gmt":"2023-04-28T15:01:31","guid":{"rendered":"https:\/\/www.leschevrefeuilles.com\/activities\/"},"modified":"2025-12-05T09:13:49","modified_gmt":"2025-12-05T08:13:49","slug":"activities","status":"publish","type":"page","link":"https:\/\/www.leschevrefeuilles.com\/en\/activities\/","title":{"rendered":"Activities &amp; animations"},"content":{"rendered":"\n<div class=\"wp-block-cover is-light\"><span aria-hidden=\"true\" class=\"wp-block-cover__gradient-background has-background-dim\"><\/span><img width=\"1920\" height=\"590\" class=\"wp-block-cover__image-background wp-image-851\" alt=\"\" src=\"https:\/\/www.leschevrefeuilles.com\/wp-content\/uploads\/2023\/02\/aire-de-jeux2-1920x590-1.jpg\" data-object-fit=\"cover\" srcset=\"https:\/\/www.leschevrefeuilles.com\/wp-content\/uploads\/2023\/02\/aire-de-jeux2-1920x590-1.jpg 1920w, https:\/\/www.leschevrefeuilles.com\/wp-content\/uploads\/2023\/02\/aire-de-jeux2-1920x590-1-300x92.jpg 300w, https:\/\/www.leschevrefeuilles.com\/wp-content\/uploads\/2023\/02\/aire-de-jeux2-1920x590-1-1024x315.jpg 1024w, https:\/\/www.leschevrefeuilles.com\/wp-content\/uploads\/2023\/02\/aire-de-jeux2-1920x590-1-768x236.jpg 768w, https:\/\/www.leschevrefeuilles.com\/wp-content\/uploads\/2023\/02\/aire-de-jeux2-1920x590-1-1536x472.jpg 1536w\" sizes=\"(max-width: 1920px) 100vw, 1920px\" \/><div class=\"wp-block-cover__inner-container\">\n<p class=\"has-text-align-center has-large-font-size\"><\/p>\n<\/div><\/div>\n\n\n\n<div class=\"wp-block-columns are-vertically-aligned-bottom\">\n<div class=\"wp-block-column is-vertically-aligned-bottom auto\">\n<h1 id=\"camping-avec-animations-a-royan\"><em>Camping with animations<\/em> <br>in Royan<\/h1>\n<\/div>\n\n\n\n<div class=\"wp-block-column is-vertically-aligned-bottom\">\n<p>Stay at our <strong>Royan campsite<\/strong> and enjoy a wide range of activities for families with children or friends.<\/p>\n\n\n\n<p>Whether it&#8217;s high season activities or activities available all season, everyone will find their favorite activity to share for unforgettable moments. Enjoy <a href=\"https:\/\/www.leschevrefeuilles.com\/en\/pool\/\" data-type=\"page\" data-id=\"644\">camping with heated swimming pool<\/a>, between idleness and games in the water, our <strong>aquatic space <\/strong>reserves you good moments in family in <strong>Charente-Maritime<\/strong>.<\/p>\n<\/div>\n<\/div>\n\n\n\n<div class=\"wp-block-columns are-vertically-aligned-center has-fond-background-color has-background\">\n<div class=\"wp-block-column is-vertically-aligned-center\" style=\"flex-basis:50%\">\n<h2 id=\"activites-et-animations-estivales\"><em>Summer<\/em> activities and <em>entertainment<\/em><\/h2>\n\n\n\n<p>In July and August, you will find many activities and entertainment to have fun with your family in Royan, day and night.<\/p>\n\n\n\n<h3 class=\"h4\" id=\"activites-du-camping\">Camping activities<\/h3>\n\n\n\n<ul class=\"pictos col-4 liste-mob\"><li><i class=\"fas fa-bow-arrow\"><\/i>  Archery Sessions<\/li><li><i class=\"fas fa-party-bell\"><\/i> Soir\u00e9es \u00e0 Th\u00e8mes <\/li><li><i class=\"fas fa-water-ladder\"><\/i> Piscine Nocturne<\/li><\/ul>\n\n\n\n<p><\/p>\n\n\n\n<div class=\"wp-container-69e7a8cb24942 wp-block-buttons\">\n<div class=\"wp-block-button is-style-outline\"><a class=\"wp-block-button__link\" href=\"https:\/\/www.leschevrefeuilles.com\/en\/camping-charente-maritime\/\">Activities around the campsite<\/a><\/div>\n<\/div>\n<\/div>\n\n\n\n<div class=\"wp-block-column is-vertically-aligned-center\">\n<figure class=\"wp-block-gallery has-nested-images columns-2 is-cropped img--destruct diaporama-mob\">\n<figure class=\"wp-block-image size-full\"><img width=\"480\" height=\"640\" src=\"https:\/\/www.leschevrefeuilles.com\/wp-content\/uploads\/2024\/04\/photo-soiree.jpg\" alt=\"\" class=\"wp-image-2327\" srcset=\"https:\/\/www.leschevrefeuilles.com\/wp-content\/uploads\/2024\/04\/photo-soiree.jpg 480w, https:\/\/www.leschevrefeuilles.com\/wp-content\/uploads\/2024\/04\/photo-soiree-225x300.jpg 225w\" sizes=\"(max-width: 480px) 100vw, 480px\" \/><\/figure>\n\n\n\n<figure class=\"wp-block-image size-large\"><img width=\"924\" height=\"1024\" src=\"https:\/\/www.leschevrefeuilles.com\/wp-content\/uploads\/2023\/02\/Rectangle-59-924x1024.jpg\" alt=\"\" class=\"wp-image-601\" srcset=\"https:\/\/www.leschevrefeuilles.com\/wp-content\/uploads\/2023\/02\/Rectangle-59-924x1024.jpg 924w, https:\/\/www.leschevrefeuilles.com\/wp-content\/uploads\/2023\/02\/Rectangle-59-271x300.jpg 271w, https:\/\/www.leschevrefeuilles.com\/wp-content\/uploads\/2023\/02\/Rectangle-59-768x851.jpg 768w, https:\/\/www.leschevrefeuilles.com\/wp-content\/uploads\/2023\/02\/Rectangle-59.jpg 1024w\" sizes=\"(max-width: 924px) 100vw, 924px\" \/><\/figure>\n\n\n\n<figure class=\"wp-block-image size-large\"><img width=\"1024\" height=\"716\" src=\"https:\/\/www.leschevrefeuilles.com\/wp-content\/uploads\/2025\/12\/AdobeStock_122439179-1024x716.jpeg\" alt=\"\" class=\"wp-image-3444\" srcset=\"https:\/\/www.leschevrefeuilles.com\/wp-content\/uploads\/2025\/12\/AdobeStock_122439179-1024x716.jpeg 1024w, https:\/\/www.leschevrefeuilles.com\/wp-content\/uploads\/2025\/12\/AdobeStock_122439179-300x210.jpeg 300w, https:\/\/www.leschevrefeuilles.com\/wp-content\/uploads\/2025\/12\/AdobeStock_122439179-768x537.jpeg 768w, https:\/\/www.leschevrefeuilles.com\/wp-content\/uploads\/2025\/12\/AdobeStock_122439179-1536x1074.jpeg 1536w, https:\/\/www.leschevrefeuilles.com\/wp-content\/uploads\/2025\/12\/AdobeStock_122439179-2048x1432.jpeg 2048w\" sizes=\"(max-width: 1024px) 100vw, 1024px\" \/><\/figure>\n<\/figure>\n<\/div>\n<\/div>\n\n\n\n<div class=\"wp-block-columns alignfull reverse-mob\">\n<div class=\"wp-block-column\" style=\"flex-basis:40%\">\n<figure class=\"wp-block-image alignfull size-large img--side\"><img width=\"1024\" height=\"682\" src=\"https:\/\/www.leschevrefeuilles.com\/wp-content\/uploads\/2025\/11\/Adobe-animations-1024x682.jpeg\" alt=\"\" class=\"wp-image-3413\" srcset=\"https:\/\/www.leschevrefeuilles.com\/wp-content\/uploads\/2025\/11\/Adobe-animations-1024x682.jpeg 1024w, https:\/\/www.leschevrefeuilles.com\/wp-content\/uploads\/2025\/11\/Adobe-animations-300x200.jpeg 300w, https:\/\/www.leschevrefeuilles.com\/wp-content\/uploads\/2025\/11\/Adobe-animations-768x512.jpeg 768w, https:\/\/www.leschevrefeuilles.com\/wp-content\/uploads\/2025\/11\/Adobe-animations.jpeg 1280w\" sizes=\"(max-width: 1024px) 100vw, 1024px\" \/><\/figure>\n<\/div>\n\n\n\n<div class=\"wp-block-column\">\n<h3 class=\"has-text-align-center h2\" id=\"les-animations-en-soiree\">Evening entertainment<\/h3>\n\n\n\n<p id=\"tw-target-text\">Spend your evenings at the campsite sipping a cold drink on the terrace of our bar and enjoy numerous activities for pleasant family moments between theme evenings and shows for children.<\/p>\n\n\n\n<ul class=\"pictos col-3 liste-mob\"><li><i class=\"fas fa-water-ladder\"><\/i> <em><strong>Evening swimming pool<\/strong><\/em> (weather permitting)<\/li><li><i class=\"fas fa-party-bell\"><\/i><strong><em> Soir\u00e9es <\/em><\/strong>(Karaok\u00e9,Mousse Party, Disco)<\/li><li><i class=\"fas fa-balloons\"><\/i> <strong><em>Spectacle des enfants<\/em><\/strong><\/li><\/ul>\n\n\n\n<div class=\"wp-container-69e7a8cb24e9b wp-block-buttons\">\n<div class=\"wp-block-button btn_resa\"><a class=\"wp-block-button__link\">Book now!<\/a><\/div>\n<\/div>\n<\/div>\n<\/div>\n\n\n\n<div class=\"wp-block-columns alignfull are-vertically-aligned-center has-fond-background-color has-background\">\n<div class=\"wp-block-column is-vertically-aligned-center\" style=\"flex-basis:36%\">\n<h2 id=\"les-activites-de-loisirs-toute-la-saison\">Leisure activities  <br><em>the whole season<\/em><\/h2>\n\n\n\n<p>The campground offers recreational activities throughout the season for children, teens and parents. The little ones will be able to enjoy the playground with: swings, spring games, the multi-game structure, the giant marble run.<\/p>\n\n\n\n<p>The whole family will find the activity that suits them between a sports session, a game of bowls, a jump in the outdoor pool or a relaxing session on the deckchairs.<\/p>\n\n\n\n<div class=\"wp-container-69e7a8cb25287 wp-block-buttons\">\n<div class=\"wp-block-button is-style-outline\"><a class=\"wp-block-button__link\" href=\"https:\/\/www.leschevrefeuilles.com\/en\/services\/\">See the services of the campsite<\/a><\/div>\n<\/div>\n<\/div>\n\n\n\n<div class=\"wp-block-column is-vertically-aligned-center\">\n<figure class=\"wp-block-gallery has-nested-images columns-4 is-cropped img--destruct2\">\n<figure class=\"wp-block-image size-large\"><img width=\"1024\" height=\"599\" src=\"https:\/\/www.leschevrefeuilles.com\/wp-content\/uploads\/2023\/02\/289775028_5423790794353970_8726539772769804047_n-16-1.jpg\" alt=\"\" class=\"wp-image-617\" srcset=\"https:\/\/www.leschevrefeuilles.com\/wp-content\/uploads\/2023\/02\/289775028_5423790794353970_8726539772769804047_n-16-1.jpg 1024w, https:\/\/www.leschevrefeuilles.com\/wp-content\/uploads\/2023\/02\/289775028_5423790794353970_8726539772769804047_n-16-1-300x175.jpg 300w, https:\/\/www.leschevrefeuilles.com\/wp-content\/uploads\/2023\/02\/289775028_5423790794353970_8726539772769804047_n-16-1-768x449.jpg 768w\" sizes=\"(max-width: 1024px) 100vw, 1024px\" \/><\/figure>\n\n\n\n<figure class=\"wp-block-image size-large\"><img width=\"1024\" height=\"732\" src=\"https:\/\/www.leschevrefeuilles.com\/wp-content\/uploads\/2023\/02\/image-4.jpg\" alt=\"\" class=\"wp-image-599\" srcset=\"https:\/\/www.leschevrefeuilles.com\/wp-content\/uploads\/2023\/02\/image-4.jpg 1024w, https:\/\/www.leschevrefeuilles.com\/wp-content\/uploads\/2023\/02\/image-4-300x214.jpg 300w, https:\/\/www.leschevrefeuilles.com\/wp-content\/uploads\/2023\/02\/image-4-768x549.jpg 768w\" sizes=\"(max-width: 1024px) 100vw, 1024px\" \/><\/figure>\n\n\n\n<figure class=\"wp-block-image size-large\"><img width=\"1024\" height=\"576\" src=\"https:\/\/www.leschevrefeuilles.com\/wp-content\/uploads\/2023\/02\/1653654672809-1024x576-1.jpg\" alt=\"\" class=\"wp-image-869\" srcset=\"https:\/\/www.leschevrefeuilles.com\/wp-content\/uploads\/2023\/02\/1653654672809-1024x576-1.jpg 1024w, https:\/\/www.leschevrefeuilles.com\/wp-content\/uploads\/2023\/02\/1653654672809-1024x576-1-300x169.jpg 300w, https:\/\/www.leschevrefeuilles.com\/wp-content\/uploads\/2023\/02\/1653654672809-1024x576-1-768x432.jpg 768w\" sizes=\"(max-width: 1024px) 100vw, 1024px\" \/><\/figure>\n<\/figure>\n<\/div>\n<\/div>\n\n\n\n<div class=\"wp-container-69e7a8cb25724 wp-block-group alignwide\"><div class=\"wp-block-group__inner-container\">\n<div class=\"wp-block-group encart-citation\"><div class=\"wp-block-group__inner-container\">\n<p class=\"has-text-align-center\">While the little ones are playing, the older ones will be able to have fun on the playgrounds and sports fields:<\/p>\n<\/div><\/div>\n\n\n\n<ul class=\"pictos col-4 has-text-align-center\"><li><i class=\"fas fa-castle\"><\/i> <em>Inflatable structures<\/em> for little sailors : Pirate Ship<\/li><li><i class=\"fas fa-table-tennis-paddle-ball\"><\/i> <em>Ping-pong tables<\/em> with loan of racket and balls on site<\/li><li><i class=\"fas fa-basketball\"><\/i> <em>Multi-sports field<\/em> with basketball basket<\/li><li><i class=\"fas fa-baseball\"><\/i> <em>Petanque courts<\/em><\/li><\/ul>\n<\/div><\/div>\n\n\n\n<div class=\"wp-block-columns are-vertically-aligned-center\">\n<div class=\"wp-block-column is-vertically-aligned-center encart-carte nomarge\">\n<p><strong>MINI-CLUB<\/strong><\/p>\n\n\n\n<p id=\"tw-target-text\">High Season: Mini-Club from 9 a.m. to 12 p.m. for children aged 4 to 12 from Monday to Friday, supervised by our qualified activity leader.<\/p>\n\n\n\n<p><br><\/p>\n<\/div>\n\n\n\n<div class=\"wp-block-column is-vertically-aligned-center\">\n<div class=\"wp-block-group lire-plus-mobile\"><div class=\"wp-block-group__inner-container\">\n<p>Read more<\/p>\n\n\n\n<div class=\"wp-container-69e7a8cb25ed0 wp-block-group\"><div class=\"wp-block-group__inner-container\">\n<p>Stay in our <strong>4 star campsite in Royan<\/strong> and enjoy many activities within the campsite. You will also find many activities near the campsite such as nautical activities on the <em>Atlantic Ocean<\/em> and sports activities on the <strong>beaches<\/strong>. Animal lovers, go and observe the numerous animals at the <strong>Palmyre zoo <\/strong>by touring the 5 continents and the numerous spaces. You can even feed the giraffes with popcorn.<\/p>\n\n\n\n<div class=\"wp-block-group lire-plus-pc\"><div class=\"wp-block-group__inner-container\">\n<p>Read more<\/p>\n\n\n\n<div class=\"wp-container-69e7a8cb25bac wp-block-group\"><div class=\"wp-block-group__inner-container\">\n<p>Are you a fan of walking and discovering? Take a day trip by boat to the north to <strong>Fort Boyard <\/strong>and the Ile d&#8217;Aix on the island of Oleron, or to the south of Royan to the Cordouan lighthouse at the entrance to the Gironde estuary.<\/p>\n\n\n\n<p>Les Ch\u00e8vrefeuilles campsite in Royan offers you an ideal family stay with a heated swimming pool, 4-star activities and services and a wide<strong>choice<\/strong> of all-inclusive<strong>mobile homes or lodge cabins<\/strong> and camping <strong>pitches <\/strong>for tents, caravans and motor homes in <strong>New Aquitaine<\/strong>.<\/p>\n<\/div><\/div>\n<\/div><\/div>\n<\/div><\/div>\n<\/div><\/div>\n<\/div>\n<\/div>\n","protected":false},"excerpt":{"rendered":"<p>Camping with animations in Royan Stay at our Royan campsite and enjoy a wide range of activities for families with children or friends. Whether it&#8217;s high season activities or activities available all season, everyone will find their favorite activity to share for unforgettable moments. Enjoy camping with heated swimming pool, between idleness and games in [&hellip;]<\/p>\n","protected":false},"author":1,"featured_media":618,"parent":0,"menu_order":0,"comment_status":"closed","ping_status":"closed","template":"","meta":[],"acf":[],"_links":{"self":[{"href":"https:\/\/www.leschevrefeuilles.com\/en\/wp-json\/wp\/v2\/pages\/1235"}],"collection":[{"href":"https:\/\/www.leschevrefeuilles.com\/en\/wp-json\/wp\/v2\/pages"}],"about":[{"href":"https:\/\/www.leschevrefeuilles.com\/en\/wp-json\/wp\/v2\/types\/page"}],"author":[{"embeddable":true,"href":"https:\/\/www.leschevrefeuilles.com\/en\/wp-json\/wp\/v2\/users\/1"}],"replies":[{"embeddable":true,"href":"https:\/\/www.leschevrefeuilles.com\/en\/wp-json\/wp\/v2\/comments?post=1235"}],"version-history":[{"count":6,"href":"https:\/\/www.leschevrefeuilles.com\/en\/wp-json\/wp\/v2\/pages\/1235\/revisions"}],"predecessor-version":[{"id":3447,"href":"https:\/\/www.leschevrefeuilles.com\/en\/wp-json\/wp\/v2\/pages\/1235\/revisions\/3447"}],"wp:featuredmedia":[{"embeddable":true,"href":"https:\/\/www.leschevrefeuilles.com\/en\/wp-json\/wp\/v2\/media\/618"}],"wp:attachment":[{"href":"https:\/\/www.leschevrefeuilles.com\/en\/wp-json\/wp\/v2\/media?parent=1235"}],"curies":[{"name":"wp","href":"https:\/\/api.w.org\/{rel}","templated":true}]}}