{"id":3007,"date":"2025-05-02T15:35:29","date_gmt":"2025-05-02T13:35:29","guid":{"rendered":"https:\/\/www.leschevrefeuilles.com\/?page_id=3007"},"modified":"2025-05-06T11:57:16","modified_gmt":"2025-05-06T09:57:16","slug":"gastronomie-aquitanie","status":"publish","type":"page","link":"https:\/\/www.leschevrefeuilles.com\/nl\/gastronomie-aquitanie\/","title":{"rendered":"gastronomie in Aquitani\u00eb"},"content":{"rendered":"\n<div class=\"wp-block-cover is-light\"><span aria-hidden=\"true\" class=\"wp-block-cover__gradient-background has-background-dim\"><\/span><img width=\"1920\" height=\"1080\" class=\"wp-block-cover__image-background wp-image-3040\" alt=\"Kust van Aquitani\u00eb\" src=\"https:\/\/www.leschevrefeuilles.com\/wp-content\/uploads\/2025\/05\/ADO-aquitaanse-kust.jpg\" style=\"object-position:53% 57%\" data-object-fit=\"cover\" data-object-position=\"53% 57%\" srcset=\"https:\/\/www.leschevrefeuilles.com\/wp-content\/uploads\/2025\/05\/ADO-aquitaanse-kust.jpg 1920w, https:\/\/www.leschevrefeuilles.com\/wp-content\/uploads\/2025\/05\/ADO-aquitaanse-kust-300x169.jpg 300w, https:\/\/www.leschevrefeuilles.com\/wp-content\/uploads\/2025\/05\/ADO-aquitaanse-kust-1024x576.jpg 1024w, https:\/\/www.leschevrefeuilles.com\/wp-content\/uploads\/2025\/05\/ADO-aquitaanse-kust-768x432.jpg 768w, https:\/\/www.leschevrefeuilles.com\/wp-content\/uploads\/2025\/05\/ADO-aquitaanse-kust-1536x864.jpg 1536w\" sizes=\"(max-width: 1920px) 100vw, 1920px\" \/><div class=\"wp-block-cover__inner-container\">\n<p class=\"has-text-align-center has-large-font-size\"><\/p>\n<\/div><\/div>\n\n\n\n<h1 class=\"has-text-align-center\" id=\"ontdek-de-gastronomie-in-aquitanie-vanuit-camping-les-chevrefeuilles\" style=\"font-size:45px\"><em>Ontdek de gastronomie in Aquitani\u00eb<\/em> vanuit camping Les Ch\u00e8vrefeuilles<\/h1>\n\n\n\n<p class=\"has-text-align-center\">Gelegen in Royan, in de Charente-Maritime in Frankrijk, is <a href=\"https:\/\/www.leschevrefeuilles.com\/nl\/camping-aquitaine-aan-zee\/\">camping Les Ch\u00e8vrefeuilles<\/a> het ideale vertrekpunt om de rijkdom van de <strong>gastronomie in Aquitani\u00eb<\/strong> te ontdekken. Hier gaan <strong>culinaire tradities<\/strong> van land en zee hand in hand en bieden bezoekers een authentieke, gevarieerde smaakervaring. Vanuit je accommodatie ontdek je de <strong>lokale specialiteiten die deze regio haar gastronomische<\/strong> faam bezorgen.<\/p>\n\n\n\n<div style=\"height:24px\" aria-hidden=\"true\" class=\"wp-block-spacer\"><\/div>\n\n\n\n<div class=\"wp-block-columns alignfull reverse-mob\">\n<div class=\"wp-block-column\" style=\"flex-basis:40%\">\n<figure class=\"wp-block-image alignfull size-full img--side\"><img width=\"900\" height=\"600\" src=\"https:\/\/www.leschevrefeuilles.com\/wp-content\/uploads\/2025\/05\/ADO-zeeproducten-aquitanie.jpg\" alt=\"Zeevruchten\" class=\"wp-image-3008\" srcset=\"https:\/\/www.leschevrefeuilles.com\/wp-content\/uploads\/2025\/05\/ADO-zeeproducten-aquitanie.jpg 900w, https:\/\/www.leschevrefeuilles.com\/wp-content\/uploads\/2025\/05\/ADO-zeeproducten-aquitanie-300x200.jpg 300w, https:\/\/www.leschevrefeuilles.com\/wp-content\/uploads\/2025\/05\/ADO-zeeproducten-aquitanie-768x512.jpg 768w\" sizes=\"(max-width: 900px) 100vw, 900px\" \/><\/figure>\n<\/div>\n\n\n\n<div class=\"wp-block-column\">\n<h2 class=\"h3\" id=\"de-schatten-van-de-zee-een-essentieel-onderdeel-van-de-gastronomie-in-aquitanie\">De schatten van de zee: een essentieel onderdeel <em>van de gastronomie in Aquitani\u00eb<\/em><\/h2>\n\n\n\n<p>In Royan is de band met de Atlantische Oceaan overal voelbaar. <strong>Zeeproducten<\/strong> spelen een centrale rol in de lokale keuken en vormen een belangrijk onderdeel van de <strong>gastronomie in Aquitani\u00eb<\/strong>. Vis, schelpdieren en schaaldieren zorgen hier voor onvergetelijke culinaire momenten.<\/p>\n\n\n\n<div class=\"wp-block-columns\">\n<div class=\"wp-block-column\">\n<h3 class=\"h4\" id=\"de-oesters-van-marennes-oleron-parels-van-de-kust\">De oesters van Marennes-Ol\u00e9ron, parels van de kust<\/h3>\n\n\n\n<p>Op korte afstand van <strong>camping Les Ch\u00e8vrefeuilles<\/strong> bevinden zich de beroemde oesterkwekerijen van Marennes-Ol\u00e9ron, bekend in heel Frankrijk. Deze oesters rijpen in speciale &#8220;claires&#8221;, waardoor ze een delicate, licht nootachtige smaak krijgen. Je kunt ze proeven op de <a href=\"https:\/\/www.leschevrefeuilles.com\/nl\/alentours\/royan-markt\/\">markten van Royan<\/a> of rechtstreeks bij de producent.<\/p>\n<\/div>\n\n\n\n<div class=\"wp-block-column\">\n<h3 class=\"h4\" id=\"de-eclade-van-mosselen-een-unieke-en-gezellige-traditie\">De &#8216;\u00e9clade&#8217; van mosselen: een unieke en gezellige traditie<\/h3>\n\n\n\n<p>Een andere streekklassieker is de <strong>\u00e9clade de moules<\/strong>. Hierbij worden mosselen onder een bed van brandende dennennaalden gegaard, wat zorgt voor een heerlijk rokerige smaak. Deze bereiding is ideaal voor een gezellige maaltijd in de buitenlucht tijdens je <strong>verblijf in Frankrijk<\/strong>.<\/p>\n<\/div>\n<\/div>\n\n\n\n<div class=\"wp-container-69e137d18e944 wp-block-buttons\">\n<div class=\"wp-block-button btn_resa\"><a class=\"wp-block-button__link\">Boek nu!<\/a><\/div>\n<\/div>\n<\/div>\n<\/div>\n\n\n\n<div class=\"wp-block-columns are-vertically-aligned-center has-fond-background-color has-background\">\n<div class=\"wp-block-column is-vertically-aligned-center\" style=\"flex-basis:50%\">\n<h2 class=\"h3\" id=\"streekproducten-rond-royan-een-feest-van-lokale-smaken\">Streekproducten rond Royan: <em>een feest van lokale smaken<\/em><\/h2>\n\n\n\n<p>Naast haar maritieme <strong>specialiteiten biedt de Charente-Maritime<\/strong> ook landelijke producten die bijdragen aan de diversiteit van de <strong>gastronomie in Aquitani\u00eb<\/strong>. Tijdens je verblijf zijn de lokale markten en producenten absoluut een bezoek waard.<\/p>\n\n\n\n<div class=\"wp-block-columns\">\n<div class=\"wp-block-column\">\n<h3 class=\"h4\" id=\"aop-charentes-poitou-boter-en-kazen-uit-de-regio\">AOP Charentes-Poitou boter en kazen uit de regio<\/h3>\n\n\n\n<p>Een onmisbare delicatesse is de <strong>AOP Charentes-Poitou boter<\/strong>, geliefd om zijn romige textuur en zachte smaak. Perfect op vers brood of bij zeevruchten. Ook de <strong>chabichou du Poitou<\/strong>, een geitenkaas met subtiele aroma\u2019s, mag je niet overslaan.<\/p>\n<\/div>\n\n\n\n<div class=\"wp-block-column\">\n<h3 class=\"h4\" id=\"de-charentais-meloen-de-ster-van-de-zomer\">De Charentais-meloen: de ster van de zomer<\/h3>\n\n\n\n<p>In de zomer schittert de <strong>Charentais-meloen<\/strong> op elke markt. Deze meloen, met zijn sappige en geurige vruchtvlees, is een klassieker in de regio en ideaal voor een lichte maaltijd of een verfrissend dessert op <strong>camping Les Ch\u00e8vrefeuilles<\/strong>.<\/p>\n<\/div>\n<\/div>\n<\/div>\n\n\n\n<div class=\"wp-block-column is-vertically-aligned-center\">\n<figure class=\"wp-block-gallery has-nested-images columns-2 is-cropped img--destruct diaporama-mob\">\n<figure class=\"wp-block-image size-large\"><img width=\"900\" height=\"600\" src=\"https:\/\/www.leschevrefeuilles.com\/wp-content\/uploads\/2025\/05\/ADO-Geitenkaas-aquitanie.jpg\" alt=\"chabichou de poitou\" class=\"wp-image-3018\" srcset=\"https:\/\/www.leschevrefeuilles.com\/wp-content\/uploads\/2025\/05\/ADO-Geitenkaas-aquitanie.jpg 900w, https:\/\/www.leschevrefeuilles.com\/wp-content\/uploads\/2025\/05\/ADO-Geitenkaas-aquitanie-300x200.jpg 300w, https:\/\/www.leschevrefeuilles.com\/wp-content\/uploads\/2025\/05\/ADO-Geitenkaas-aquitanie-768x512.jpg 768w\" sizes=\"(max-width: 900px) 100vw, 900px\" \/><\/figure>\n\n\n\n<figure class=\"wp-block-image size-large\"><img width=\"900\" height=\"600\" src=\"https:\/\/www.leschevrefeuilles.com\/wp-content\/uploads\/2025\/05\/ADO-Kaasplankje-aquitanie.jpg\" alt=\"Aquitani\u00eb-kaas\" class=\"wp-image-3021\" srcset=\"https:\/\/www.leschevrefeuilles.com\/wp-content\/uploads\/2025\/05\/ADO-Kaasplankje-aquitanie.jpg 900w, https:\/\/www.leschevrefeuilles.com\/wp-content\/uploads\/2025\/05\/ADO-Kaasplankje-aquitanie-300x200.jpg 300w, https:\/\/www.leschevrefeuilles.com\/wp-content\/uploads\/2025\/05\/ADO-Kaasplankje-aquitanie-768x512.jpg 768w\" sizes=\"(max-width: 900px) 100vw, 900px\" \/><\/figure>\n\n\n\n<figure class=\"wp-block-image size-large\"><img width=\"900\" height=\"600\" src=\"https:\/\/www.leschevrefeuilles.com\/wp-content\/uploads\/2025\/05\/ADO-Charentais-meloen.jpg\" alt=\"Aquitani\u00eb-meloen\" class=\"wp-image-3024\" srcset=\"https:\/\/www.leschevrefeuilles.com\/wp-content\/uploads\/2025\/05\/ADO-Charentais-meloen.jpg 900w, https:\/\/www.leschevrefeuilles.com\/wp-content\/uploads\/2025\/05\/ADO-Charentais-meloen-300x200.jpg 300w, https:\/\/www.leschevrefeuilles.com\/wp-content\/uploads\/2025\/05\/ADO-Charentais-meloen-768x512.jpg 768w\" sizes=\"(max-width: 900px) 100vw, 900px\" \/><\/figure>\n<\/figure>\n<\/div>\n<\/div>\n\n\n\n<div class=\"wp-block-columns alignfull reverse-mob\">\n<div class=\"wp-block-column\" style=\"flex-basis:40%\">\n<figure class=\"wp-block-image alignfull size-full img--side\"><img width=\"900\" height=\"600\" src=\"https:\/\/www.leschevrefeuilles.com\/wp-content\/uploads\/2025\/05\/ADO-cognac-aquitanie.jpg\" alt=\"cognac aquitanie\" class=\"wp-image-3051\" srcset=\"https:\/\/www.leschevrefeuilles.com\/wp-content\/uploads\/2025\/05\/ADO-cognac-aquitanie.jpg 900w, https:\/\/www.leschevrefeuilles.com\/wp-content\/uploads\/2025\/05\/ADO-cognac-aquitanie-300x200.jpg 300w, https:\/\/www.leschevrefeuilles.com\/wp-content\/uploads\/2025\/05\/ADO-cognac-aquitanie-768x512.jpg 768w\" sizes=\"(max-width: 900px) 100vw, 900px\" \/><\/figure>\n<\/div>\n\n\n\n<div class=\"wp-block-column\">\n<h2 id=\"zoete-lekkernijen-en-typische-regionale-dranken\">Zoete lekkernijen en typische regionale dranken<\/h2>\n\n\n\n<p>De lokale keuken heeft ook veel te bieden voor wie houdt van desserts en ambachtelijke dranken. Elke specialiteit vertelt iets over de cultuur en tradities van de streek.<\/p>\n\n\n\n<div class=\"wp-block-columns\">\n<div class=\"wp-block-column\">\n<h3 class=\"h4\" id=\"galette-charentaise-en-tourteau-fromager\">Galette charentaise en tourteau fromager<\/h3>\n\n\n\n<p>Zoetekauwen zullen genieten van de <strong>galette charentaise<\/strong>, een zachte cake met een subtiele smaak van oranjebloesem. Een andere verrassende specialiteit is de <strong>tourteau fromager<\/strong>, herkenbaar aan zijn zwarte korst en luchtige binnenkant.<\/p>\n<\/div>\n\n\n\n<div class=\"wp-block-column\">\n<h3 class=\"h4\" id=\"pineau-des-charentes-en-cognac-twee-regionale-trotsen\">Pineau des Charentes en cognac: twee regionale trotsen<\/h3>\n\n\n\n<p>Bij een gastronomisch verblijf horen natuurlijk ook typische streekdranken. De <strong>Pineau des Charentes<\/strong>, een lichtzoet aperitief, en de wereldberoemde <strong>cognac<\/strong> zijn beide afkomstig uit deze regio. Rond Royan kun je verschillende domeinen bezoeken waar je meer leert over het productieproces \u00e9n kunt proeven.<\/p>\n<\/div>\n<\/div>\n<\/div>\n<\/div>\n\n\n\n<h2 id=\"een-vakantie-in-het-teken-van-de-gastronomie-in-aquitanie\">Een vakantie in het teken van de gastronomie in Aquitani\u00eb<\/h2>\n\n\n\n<p>Een verblijf op <strong>camping Les Ch\u00e8vrefeuilles<\/strong> in Royan, Frankrijk, is een culinaire ontdekkingsreis in een regio waar de <strong>gastronomie in Aquitani\u00eb<\/strong> alomtegenwoordig is. Van lokale markten tot ambachtelijke producenten en traditionele restaurants: overal proef je de rijkdom van deze streek. Of je nu houdt van zeevruchten, kaas of gebak, de Charente-Maritime zal je smaakpapillen gegarandeerd verrassen.<\/p>\n\n\n\n<div style=\"height:51px\" aria-hidden=\"true\" class=\"wp-block-spacer\"><\/div>\n","protected":false},"excerpt":{"rendered":"<p>Ontdek de gastronomie in Aquitani\u00eb vanuit camping Les Ch\u00e8vrefeuilles Gelegen in Royan, in de Charente-Maritime in Frankrijk, is camping Les Ch\u00e8vrefeuilles het ideale vertrekpunt om de rijkdom van de gastronomie in Aquitani\u00eb te ontdekken. Hier gaan culinaire tradities van land en zee hand in hand en bieden bezoekers een authentieke, gevarieerde smaakervaring. Vanuit je accommodatie [&hellip;]<\/p>\n","protected":false},"author":1,"featured_media":0,"parent":0,"menu_order":0,"comment_status":"closed","ping_status":"closed","template":"","meta":[],"acf":[],"_links":{"self":[{"href":"https:\/\/www.leschevrefeuilles.com\/nl\/wp-json\/wp\/v2\/pages\/3007"}],"collection":[{"href":"https:\/\/www.leschevrefeuilles.com\/nl\/wp-json\/wp\/v2\/pages"}],"about":[{"href":"https:\/\/www.leschevrefeuilles.com\/nl\/wp-json\/wp\/v2\/types\/page"}],"author":[{"embeddable":true,"href":"https:\/\/www.leschevrefeuilles.com\/nl\/wp-json\/wp\/v2\/users\/1"}],"replies":[{"embeddable":true,"href":"https:\/\/www.leschevrefeuilles.com\/nl\/wp-json\/wp\/v2\/comments?post=3007"}],"version-history":[{"count":6,"href":"https:\/\/www.leschevrefeuilles.com\/nl\/wp-json\/wp\/v2\/pages\/3007\/revisions"}],"predecessor-version":[{"id":3070,"href":"https:\/\/www.leschevrefeuilles.com\/nl\/wp-json\/wp\/v2\/pages\/3007\/revisions\/3070"}],"wp:attachment":[{"href":"https:\/\/www.leschevrefeuilles.com\/nl\/wp-json\/wp\/v2\/media?parent=3007"}],"curies":[{"name":"wp","href":"https:\/\/api.w.org\/{rel}","templated":true}]}}